{"id":101,"date":"2015-01-11T15:34:55","date_gmt":"2015-01-11T14:34:55","guid":{"rendered":"http:\/\/mvscada.com\/public\/?page_id=101"},"modified":"2017-03-28T20:27:21","modified_gmt":"2017-03-28T18:27:21","slug":"monitorizacion","status":"publish","type":"page","link":"https:\/\/mvscada.com\/public\/monitorizacion\/","title":{"rendered":"Monitorizaci\u00f3n"},"content":{"rendered":"<p><strong>MVScada<\/strong> es un sistema <strong>S<\/strong>upervisi\u00f3n, <strong>C<\/strong>ontrol y <strong>A<\/strong>dquisici\u00f3n de <strong>D<\/strong>atos\u00a0 [SCADA] v\u00eda web y orientado a instalaciones de energ\u00edas renovables, especialmente a Fotovoltaica. Aunque monitorizamos otro tipo de instalaciones como parques e\u00f3licos.<\/p>\n<p>La parte de monitorizaci\u00f3n de MVScada se encarga de descargar o recibir los datos registrados por los distintos equipos de la instalaci\u00f3n, [<a href=\"http:\/\/mvscada.com\/public\/contadores\">Contadores<\/a>, <a href=\"http:\/\/mvscada.com\/public\/inversores\">inversores<\/a>, strings, estaciones meteorol\u00f3gicas, <a href=\"http:\/\/mvscada.com\/public\/seguimiento\">seguidores solares<\/a>, &#8230;] almacenarlos en bases de datos y estudiarlos mediante distintos programas para verificar que el funcionamiento de \u00e9stos es correcto. En caso de que alg\u00fan equipo funcione de un modo an\u00f3malo el sistema generar\u00e1 una incidencia [Bajada de producci\u00f3n, aumento de tensi\u00f3n, fallo en ventiladores, fallo de aislamiento, velocidad de viento alta, &#8230;] si esta incidencia se considera grave [Producci\u00f3n 0, fallo de comunicaci\u00f3n, &#8230;] se genera un ticket y se avisa a los usuarios que tiene permisos en \u00e9sta de modo autom\u00e1tico por mail.<\/p>\n<p style=\"text-align: left;\">Adem\u00e1s de la adquisici\u00f3n de datos y su supervisi\u00f3n, MVScada permite una consulta de las incidencias y datos m\u00e1s importantes, de un vistazo, en un <strong>panel de control<\/strong> configurable por cada usuario.<\/p>\n<div id=\"attachment_104\" style=\"width: 310px\" class=\"wp-caption aligncenter\"><a href=\"http:\/\/mvscada.com\/public\/wp-content\/uploads\/2015\/01\/dashboard.png\" rel=\"attachment wp-att-104\"><img loading=\"lazy\" decoding=\"async\" aria-describedby=\"caption-attachment-104\" class=\"wp-image-104 size-medium\" src=\"http:\/\/mvscada.com\/public\/wp-content\/uploads\/2015\/01\/dashboard-300x160.png\" alt=\"Panel de Control\" width=\"300\" height=\"160\" srcset=\"https:\/\/mvscada.com\/public\/wp-content\/uploads\/2015\/01\/dashboard-300x160.png 300w, https:\/\/mvscada.com\/public\/wp-content\/uploads\/2015\/01\/dashboard-1024x547.png 1024w, https:\/\/mvscada.com\/public\/wp-content\/uploads\/2015\/01\/dashboard.png 1721w\" sizes=\"auto, (max-width: 300px) 100vw, 300px\" \/><\/a><p id=\"caption-attachment-104\" class=\"wp-caption-text\">Panel de Control<\/p><\/div>\n<p style=\"text-align: left;\">El <strong>generador de gr\u00e1ficas<\/strong> es un potente sistema \u00fatil para comparar distintos par\u00e1metros de distintas instalaciones e ideal para localizar aver\u00edas o problemas en la instalaci\u00f3n.<\/p>\n<div id=\"attachment_105\" style=\"width: 310px\" class=\"wp-caption aligncenter\"><a href=\"http:\/\/mvscada.com\/public\/wp-content\/uploads\/2015\/01\/Fallo_abasol.png\" rel=\"attachment wp-att-105\"><img loading=\"lazy\" decoding=\"async\" aria-describedby=\"caption-attachment-105\" class=\"wp-image-105 size-medium\" src=\"http:\/\/mvscada.com\/public\/wp-content\/uploads\/2015\/01\/Fallo_abasol-300x122.png\" alt=\"Generador de Gr\u00e1ficas\" width=\"300\" height=\"122\" srcset=\"https:\/\/mvscada.com\/public\/wp-content\/uploads\/2015\/01\/Fallo_abasol-300x122.png 300w, https:\/\/mvscada.com\/public\/wp-content\/uploads\/2015\/01\/Fallo_abasol-1024x417.png 1024w, https:\/\/mvscada.com\/public\/wp-content\/uploads\/2015\/01\/Fallo_abasol.png 1906w\" sizes=\"auto, (max-width: 300px) 100vw, 300px\" \/><\/a><p id=\"caption-attachment-105\" class=\"wp-caption-text\">Generador de Gr\u00e1ficas<\/p><\/div>\n<p style=\"text-align: left;\">La pantalla gr\u00e1fica o <strong>sin\u00f3ptico de planta<\/strong> permite que personas poco expertas detecten de un vistazo &#8211; utilizando un c\u00f3digo de colores &#8211; si hay alg\u00fan elemento en la instalaci\u00f3n que no funciona correctamente.<\/p>\n<div id=\"attachment_107\" style=\"width: 310px\" class=\"wp-caption aligncenter\"><a href=\"http:\/\/mvscada.com\/public\/wp-content\/uploads\/2015\/01\/sinoptico.png\" rel=\"attachment wp-att-107\"><img loading=\"lazy\" decoding=\"async\" aria-describedby=\"caption-attachment-107\" class=\"wp-image-107 size-medium\" src=\"http:\/\/mvscada.com\/public\/wp-content\/uploads\/2015\/01\/sinoptico-300x181.png\" alt=\"Sin\u00f3ptico de planta\" width=\"300\" height=\"181\" srcset=\"https:\/\/mvscada.com\/public\/wp-content\/uploads\/2015\/01\/sinoptico-300x181.png 300w, https:\/\/mvscada.com\/public\/wp-content\/uploads\/2015\/01\/sinoptico-1024x616.png 1024w, https:\/\/mvscada.com\/public\/wp-content\/uploads\/2015\/01\/sinoptico.png 1427w\" sizes=\"auto, (max-width: 300px) 100vw, 300px\" \/><\/a><p id=\"caption-attachment-107\" class=\"wp-caption-text\">Sin\u00f3ptico de planta<\/p><\/div>\n<p style=\"text-align: left;\">Pero MVScada, tiene m\u00e1s funciones:<\/p>\n<ul>\n<li><a href=\"http:\/\/mvscada.com\/public\/telemedidas-en-tiempo-real-ttr-y-despacho-delegado-dd\/\">Telemedidas en Tiempo Real (TTR) y Despacho Delegado (DD).<\/a><\/li>\n<li><a href=\"https:\/\/mvscada.com\/public\/mvscada-la-seguridad-por-defecto\/\">El est\u00e1ndar de ciberseguridad MVScada<\/a>.<\/li>\n<li><a href=\"https:\/\/mvscada.com\/public\/inversores-y-datalogger-compatibles-con-mvscada\/\">Inversores y datalogger compatibles<\/a>.<\/li>\n<li><a href=\"http:\/\/mvscada.com\/public\/seguimiento\">Seguimiento solar<\/a>.<\/li>\n<li><a href=\"http:\/\/mvscada.com\/public\/incidencias-tickets\/\">Incidencias, tickets<\/a>.<\/li>\n<li><a href=\"http:\/\/mvscada.com\/public\/inventario\/\">Inventario<\/a>.<\/li>\n<li><a href=\"https:\/\/mvscada.com\/public\/pasarela-mvscada-instalaciones-sin-ip-estatica\/\">Pasarela MVScada: Evite IP Fijas y maximice la ciberseguridad<\/a>.<\/li>\n<li><a href=\"https:\/\/mvscada.com\/public\/mvscada-la-integracion-total-con-el-sistema-del-cliente\/\">Integraci\u00f3n de otros servicios web<\/a>.<\/li>\n<li><a href=\"https:\/\/mvscada.com\/public\/carbonero-el-mayor-y-munopedro\/\">Posici\u00f3n de emergencia para seguidores solares<\/a>.<\/li>\n<\/ul>\n","protected":false},"excerpt":{"rendered":"<p>MVScada es un sistema Supervisi\u00f3n, Control y Adquisici\u00f3n de Datos\u00a0 [SCADA] v\u00eda web y orientado a instalaciones de energ\u00edas renovables, especialmente a Fotovoltaica. Aunque monitorizamos otro tipo de instalaciones como parques e\u00f3licos. La parte de monitorizaci\u00f3n de MVScada se encarga de descargar o recibir los datos registrados por los distintos equipos de la instalaci\u00f3n, [Contadores,<\/p>\n","protected":false},"author":1,"featured_media":0,"parent":0,"menu_order":0,"comment_status":"closed","ping_status":"closed","template":"","meta":{"footnotes":""},"class_list":["post-101","page","type-page","status-publish","hentry"],"yoast_head":"<!-- This site is optimized with the Yoast SEO plugin v27.5 - https:\/\/yoast.com\/product\/yoast-seo-wordpress\/ -->\n<title>Monitorizaci\u00f3n - MVScada<\/title>\n<meta name=\"robots\" content=\"index, follow, max-snippet:-1, max-image-preview:large, max-video-preview:-1\" \/>\n<link rel=\"canonical\" href=\"https:\/\/mvscada.com\/public\/monitorizacion\/\" \/>\n<meta property=\"og:locale\" content=\"es_ES\" \/>\n<meta property=\"og:type\" content=\"article\" \/>\n<meta property=\"og:title\" content=\"Monitorizaci\u00f3n - MVScada\" \/>\n<meta property=\"og:description\" content=\"MVScada es un sistema Supervisi\u00f3n, Control y Adquisici\u00f3n de Datos\u00a0 [SCADA] v\u00eda web y orientado a instalaciones de energ\u00edas renovables, especialmente a Fotovoltaica. Aunque monitorizamos otro tipo de instalaciones como parques e\u00f3licos. La parte de monitorizaci\u00f3n de MVScada se encarga de descargar o recibir los datos registrados por los distintos equipos de la instalaci\u00f3n, [Contadores,\" \/>\n<meta property=\"og:url\" content=\"https:\/\/mvscada.com\/public\/monitorizacion\/\" \/>\n<meta property=\"og:site_name\" content=\"MVScada\" \/>\n<meta property=\"article:modified_time\" content=\"2017-03-28T18:27:21+00:00\" \/>\n<meta property=\"og:image\" content=\"http:\/\/mvscada.com\/public\/wp-content\/uploads\/2015\/01\/dashboard-300x160.png\" \/>\n<meta name=\"twitter:card\" content=\"summary_large_image\" \/>\n<meta name=\"twitter:label1\" content=\"Tiempo de lectura\" \/>\n\t<meta name=\"twitter:data1\" content=\"2 minutos\" \/>\n<script type=\"application\/ld+json\" class=\"yoast-schema-graph\">{\"@context\":\"https:\\\/\\\/schema.org\",\"@graph\":[{\"@type\":\"WebPage\",\"@id\":\"https:\\\/\\\/mvscada.com\\\/public\\\/monitorizacion\\\/\",\"url\":\"https:\\\/\\\/mvscada.com\\\/public\\\/monitorizacion\\\/\",\"name\":\"Monitorizaci\u00f3n - MVScada\",\"isPartOf\":{\"@id\":\"https:\\\/\\\/mvscada.com\\\/public\\\/#website\"},\"primaryImageOfPage\":{\"@id\":\"https:\\\/\\\/mvscada.com\\\/public\\\/monitorizacion\\\/#primaryimage\"},\"image\":{\"@id\":\"https:\\\/\\\/mvscada.com\\\/public\\\/monitorizacion\\\/#primaryimage\"},\"thumbnailUrl\":\"http:\\\/\\\/mvscada.com\\\/public\\\/wp-content\\\/uploads\\\/2015\\\/01\\\/dashboard-300x160.png\",\"datePublished\":\"2015-01-11T14:34:55+00:00\",\"dateModified\":\"2017-03-28T18:27:21+00:00\",\"breadcrumb\":{\"@id\":\"https:\\\/\\\/mvscada.com\\\/public\\\/monitorizacion\\\/#breadcrumb\"},\"inLanguage\":\"es\",\"potentialAction\":[{\"@type\":\"ReadAction\",\"target\":[\"https:\\\/\\\/mvscada.com\\\/public\\\/monitorizacion\\\/\"]}]},{\"@type\":\"ImageObject\",\"inLanguage\":\"es\",\"@id\":\"https:\\\/\\\/mvscada.com\\\/public\\\/monitorizacion\\\/#primaryimage\",\"url\":\"https:\\\/\\\/mvscada.com\\\/public\\\/wp-content\\\/uploads\\\/2015\\\/01\\\/dashboard.png\",\"contentUrl\":\"https:\\\/\\\/mvscada.com\\\/public\\\/wp-content\\\/uploads\\\/2015\\\/01\\\/dashboard.png\",\"width\":1721,\"height\":920,\"caption\":\"Panel de Control\"},{\"@type\":\"BreadcrumbList\",\"@id\":\"https:\\\/\\\/mvscada.com\\\/public\\\/monitorizacion\\\/#breadcrumb\",\"itemListElement\":[{\"@type\":\"ListItem\",\"position\":1,\"name\":\"Portada\",\"item\":\"https:\\\/\\\/mvscada.com\\\/public\\\/\"},{\"@type\":\"ListItem\",\"position\":2,\"name\":\"Monitorizaci\u00f3n\"}]},{\"@type\":\"WebSite\",\"@id\":\"https:\\\/\\\/mvscada.com\\\/public\\\/#website\",\"url\":\"https:\\\/\\\/mvscada.com\\\/public\\\/\",\"name\":\"MVScada\",\"description\":\"Monitorizaci\u00f3n, control y gesti\u00f3n de instalaciones solares fotovoltaicas\",\"publisher\":{\"@id\":\"https:\\\/\\\/mvscada.com\\\/public\\\/#organization\"},\"potentialAction\":[{\"@type\":\"SearchAction\",\"target\":{\"@type\":\"EntryPoint\",\"urlTemplate\":\"https:\\\/\\\/mvscada.com\\\/public\\\/?s={search_term_string}\"},\"query-input\":{\"@type\":\"PropertyValueSpecification\",\"valueRequired\":true,\"valueName\":\"search_term_string\"}}],\"inLanguage\":\"es\"},{\"@type\":\"Organization\",\"@id\":\"https:\\\/\\\/mvscada.com\\\/public\\\/#organization\",\"name\":\"Megavatio Proyectos S.L.\",\"url\":\"https:\\\/\\\/mvscada.com\\\/public\\\/\",\"logo\":{\"@type\":\"ImageObject\",\"inLanguage\":\"es\",\"@id\":\"https:\\\/\\\/mvscada.com\\\/public\\\/#\\\/schema\\\/logo\\\/image\\\/\",\"url\":\"https:\\\/\\\/mvscada.com\\\/public\\\/wp-content\\\/uploads\\\/2021\\\/11\\\/cropped-cropped-Logo_web.png\",\"contentUrl\":\"https:\\\/\\\/mvscada.com\\\/public\\\/wp-content\\\/uploads\\\/2021\\\/11\\\/cropped-cropped-Logo_web.png\",\"width\":3281,\"height\":1064,\"caption\":\"Megavatio Proyectos S.L.\"},\"image\":{\"@id\":\"https:\\\/\\\/mvscada.com\\\/public\\\/#\\\/schema\\\/logo\\\/image\\\/\"}}]}<\/script>\n<!-- \/ Yoast SEO plugin. -->","yoast_head_json":{"title":"Monitorizaci\u00f3n - MVScada","robots":{"index":"index","follow":"follow","max-snippet":"max-snippet:-1","max-image-preview":"max-image-preview:large","max-video-preview":"max-video-preview:-1"},"canonical":"https:\/\/mvscada.com\/public\/monitorizacion\/","og_locale":"es_ES","og_type":"article","og_title":"Monitorizaci\u00f3n - MVScada","og_description":"MVScada es un sistema Supervisi\u00f3n, Control y Adquisici\u00f3n de Datos\u00a0 [SCADA] v\u00eda web y orientado a instalaciones de energ\u00edas renovables, especialmente a Fotovoltaica. Aunque monitorizamos otro tipo de instalaciones como parques e\u00f3licos. La parte de monitorizaci\u00f3n de MVScada se encarga de descargar o recibir los datos registrados por los distintos equipos de la instalaci\u00f3n, [Contadores,","og_url":"https:\/\/mvscada.com\/public\/monitorizacion\/","og_site_name":"MVScada","article_modified_time":"2017-03-28T18:27:21+00:00","og_image":[{"url":"http:\/\/mvscada.com\/public\/wp-content\/uploads\/2015\/01\/dashboard-300x160.png","type":"","width":"","height":""}],"twitter_card":"summary_large_image","twitter_misc":{"Tiempo de lectura":"2 minutos"},"schema":{"@context":"https:\/\/schema.org","@graph":[{"@type":"WebPage","@id":"https:\/\/mvscada.com\/public\/monitorizacion\/","url":"https:\/\/mvscada.com\/public\/monitorizacion\/","name":"Monitorizaci\u00f3n - MVScada","isPartOf":{"@id":"https:\/\/mvscada.com\/public\/#website"},"primaryImageOfPage":{"@id":"https:\/\/mvscada.com\/public\/monitorizacion\/#primaryimage"},"image":{"@id":"https:\/\/mvscada.com\/public\/monitorizacion\/#primaryimage"},"thumbnailUrl":"http:\/\/mvscada.com\/public\/wp-content\/uploads\/2015\/01\/dashboard-300x160.png","datePublished":"2015-01-11T14:34:55+00:00","dateModified":"2017-03-28T18:27:21+00:00","breadcrumb":{"@id":"https:\/\/mvscada.com\/public\/monitorizacion\/#breadcrumb"},"inLanguage":"es","potentialAction":[{"@type":"ReadAction","target":["https:\/\/mvscada.com\/public\/monitorizacion\/"]}]},{"@type":"ImageObject","inLanguage":"es","@id":"https:\/\/mvscada.com\/public\/monitorizacion\/#primaryimage","url":"https:\/\/mvscada.com\/public\/wp-content\/uploads\/2015\/01\/dashboard.png","contentUrl":"https:\/\/mvscada.com\/public\/wp-content\/uploads\/2015\/01\/dashboard.png","width":1721,"height":920,"caption":"Panel de Control"},{"@type":"BreadcrumbList","@id":"https:\/\/mvscada.com\/public\/monitorizacion\/#breadcrumb","itemListElement":[{"@type":"ListItem","position":1,"name":"Portada","item":"https:\/\/mvscada.com\/public\/"},{"@type":"ListItem","position":2,"name":"Monitorizaci\u00f3n"}]},{"@type":"WebSite","@id":"https:\/\/mvscada.com\/public\/#website","url":"https:\/\/mvscada.com\/public\/","name":"MVScada","description":"Monitorizaci\u00f3n, control y gesti\u00f3n de instalaciones solares fotovoltaicas","publisher":{"@id":"https:\/\/mvscada.com\/public\/#organization"},"potentialAction":[{"@type":"SearchAction","target":{"@type":"EntryPoint","urlTemplate":"https:\/\/mvscada.com\/public\/?s={search_term_string}"},"query-input":{"@type":"PropertyValueSpecification","valueRequired":true,"valueName":"search_term_string"}}],"inLanguage":"es"},{"@type":"Organization","@id":"https:\/\/mvscada.com\/public\/#organization","name":"Megavatio Proyectos S.L.","url":"https:\/\/mvscada.com\/public\/","logo":{"@type":"ImageObject","inLanguage":"es","@id":"https:\/\/mvscada.com\/public\/#\/schema\/logo\/image\/","url":"https:\/\/mvscada.com\/public\/wp-content\/uploads\/2021\/11\/cropped-cropped-Logo_web.png","contentUrl":"https:\/\/mvscada.com\/public\/wp-content\/uploads\/2021\/11\/cropped-cropped-Logo_web.png","width":3281,"height":1064,"caption":"Megavatio Proyectos S.L."},"image":{"@id":"https:\/\/mvscada.com\/public\/#\/schema\/logo\/image\/"}}]}},"_links":{"self":[{"href":"https:\/\/mvscada.com\/public\/wp-json\/wp\/v2\/pages\/101","targetHints":{"allow":["GET"]}}],"collection":[{"href":"https:\/\/mvscada.com\/public\/wp-json\/wp\/v2\/pages"}],"about":[{"href":"https:\/\/mvscada.com\/public\/wp-json\/wp\/v2\/types\/page"}],"author":[{"embeddable":true,"href":"https:\/\/mvscada.com\/public\/wp-json\/wp\/v2\/users\/1"}],"replies":[{"embeddable":true,"href":"https:\/\/mvscada.com\/public\/wp-json\/wp\/v2\/comments?post=101"}],"version-history":[{"count":14,"href":"https:\/\/mvscada.com\/public\/wp-json\/wp\/v2\/pages\/101\/revisions"}],"predecessor-version":[{"id":592,"href":"https:\/\/mvscada.com\/public\/wp-json\/wp\/v2\/pages\/101\/revisions\/592"}],"wp:attachment":[{"href":"https:\/\/mvscada.com\/public\/wp-json\/wp\/v2\/media?parent=101"}],"curies":[{"name":"wp","href":"https:\/\/api.w.org\/{rel}","templated":true}]}}