{"id":835,"date":"2019-05-21T14:36:17","date_gmt":"2019-05-21T12:36:17","guid":{"rendered":"https:\/\/mvscada.com\/public\/?page_id=835"},"modified":"2024-06-13T08:08:34","modified_gmt":"2024-06-13T06:08:34","slug":"precios","status":"publish","type":"page","link":"https:\/\/mvscada.com\/public\/precios\/","title":{"rendered":"Precios"},"content":{"rendered":"\n<div class=\"wp-block-columns is-layout-flex wp-container-core-columns-is-layout-9d6595d7 wp-block-columns-is-layout-flex\">\n<div class=\"wp-block-column is-layout-flow wp-block-column-is-layout-flow\" style=\"flex-basis:100%\">\n<div id=\"content-desktop\">\n<div class=\"comparison\">\n<table class=\"responsive-table\">\n<thead>\n<tr>\n<th class=\"tl tl2\"><\/th>\n<th class=\"qbse\">\n          <a href=\"\/public\/que-es-1em\/\" target=\"_blank\" rel=\"noopener noreferrer\" style=\"color:#fff;\">Low cost<\/a><\/th>\n<th colspan=\"3\" class=\"qbo\">\n          Professional SCADA *<\/th>\n<\/tr>\n<tr>\n<th class=\"tl\"><\/th>\n<th class=\"compare-heading\">\n           &#8211;<\/th>\n<th class=\"compare-heading\">\n           Menos de 25MW<\/th>\n<th class=\"compare-heading\">\n          Menos de 100MW<\/th>\n<th class=\"compare-heading\">\n           M\u00e1s de 100MW<\/th>\n<\/tr>\n<tr>\n<th><\/th>\n<th class=\"price-info\">\n<div class=\"price-now\"><span>1\u20ac<span class=\"price-small\">mes<\/span><\/span>Contador<\/div>\n<div><a href=\"\/public\/presupuesto?plan=1em\" class=\"price-buy\">PRESUPUESTO<\/a><\/div>\n<\/th>\n<th class=\"price-info\">\n<div><a href=\"\/public\/presupuesto?plan=25MW\" class=\"price-buy\">PRESUPUESTO<\/a><\/div>\n<\/th>\n<th class=\"price-info\">\n<div><a href=\"\/public\/presupuesto?plan=100MW\" class=\"price-buy\">PRESUPUESTO<\/a><\/div>\n<\/th>\n<th class=\"price-info\">\n<div><a href=\"\/public\/presupuesto?plan=mas-de-100MW\" class=\"price-buy\">PRESUPUESTO<\/a><\/div>\n<\/th>\n<\/tr>\n<\/thead>\n<tbody>\n<tr>\n<td><\/td>\n<td colspan=\"4\">Monitorizaci\u00f3n de contadores<\/td>\n<\/tr>\n<tr>\n<td>Monitorizaci\u00f3n de contadores *<\/td>\n<td><span class=\"tickblue\">&#x2714;<\/span><\/td>\n<td colspan=\"3\"><span class=\"tickgreen\">&#x2714;<\/span><\/td>\n<\/tr>\n<tr>\n<td>&nbsp;<\/td>\n<td colspan=\"4\">Monitorizaci\u00f3n de inversores *<\/td>\n<\/tr>\n<tr>\n<td>Monitorizaci\u00f3n de inversores *<\/td>\n<td><\/td>\n<td colspan=\"3\"><span class=\"tickgreen\">&#x2714;<\/span><\/td>\n<\/tr>\n<tr>\n<td>&nbsp;<\/td>\n<td colspan=\"4\">Monitorizaci\u00f3n de seguidores *<\/td>\n<\/tr>\n<tr>\n<td>Monitorizaci\u00f3n de seguidores *<\/td>\n<td><\/td>\n<td colspan=\"3\"><span class=\"tickgreen\">&#x2714;<\/span><\/td>\n<\/tr>\n<tr>\n<td>&nbsp;<\/td>\n<td colspan=\"4\">Monitorizaci\u00f3n de sondas *<\/td>\n<\/tr>\n<tr>\n<td>Monitorizaci\u00f3n de sondas *<\/td>\n<td><\/td>\n<td colspan=\"3\"><span class=\"tickgreen\">&#x2714;<\/span><\/td>\n<\/tr>\n<tr>\n<td>&nbsp;<\/td>\n<td colspan=\"4\">Frecuencia lectura de datos<\/td>\n<\/tr>\n<tr class=\"compare-row\">\n<td>Frecuencia lectura de datos<\/td>\n<td><span class=\"tickblue\">Cada 24 horas<\/span><\/td>\n<td colspan=\"3\">\n  <span class=\"tickgreen\">Cada 15 minutos (TCP)<\/span><br \/>\n<span class=\"tickgreen\">2 lecturas\/d\u00eda (GSM)<\/span><\/td>\n<\/tr>\n<tr>\n<td>&nbsp;<\/td>\n<td colspan=\"4\">Acceso a c\u00e1maras<\/td>\n<\/tr>\n<tr>\n<td>Acceso a c\u00e1maras<\/td>\n<td><\/td>\n<td colspan=\"3\"><span class=\"tickgreen\">&#x2714;<\/span><\/td>\n<\/tr>\n<tr>\n<td>&nbsp;<\/td>\n<td colspan=\"4\">Gr\u00e1ficas b\u00e1sicas<\/td>\n<\/tr>\n<tr>\n<td>Gr\u00e1ficas b\u00e1sicas<\/td>\n<td><span class=\"tickgreen\">&#x2714;<\/span><\/td>\n<td colspan=\"3\"><span class=\"tickgreen\">&#x2714;<\/span><\/td>\n<\/tr>\n<tr>\n<td>&nbsp;<\/td>\n<td colspan=\"4\">Gr\u00e1ficas avanzadas<\/td>\n<\/tr>\n<tr>\n<td>Gr\u00e1ficas avanzadas<\/td>\n<td><\/td>\n<td colspan=\"3\"><span class=\"tickgreen\">&#x2714;<\/span><\/td>\n<\/tr>\n<tr>\n<td>&nbsp;<\/td>\n<td colspan=\"4\">Comparaci\u00f3n rangos en gr\u00e1ficas<\/td>\n<\/tr>\n<tr>\n<td>Comparaci\u00f3n rangos en gr\u00e1ficas<\/td>\n<td><\/td>\n<td colspan=\"3\"><span class=\"tickgreen\">&#x2714;<\/span><\/td>\n<\/tr>\n<tr>\n<td>&nbsp;<\/td>\n<td colspan=\"4\">Creaci\u00f3n de Contadores virtuales<\/td>\n<\/tr>\n<tr>\n<td>Creaci\u00f3n de contadores virtuales<\/td>\n<td><\/td>\n<td colspan=\"3\"><span class=\"tickgreen\">&#x2714;<\/span><\/td>\n<\/tr>\n<tr>\n<td>&nbsp;<\/td>\n<td colspan=\"4\">Exportaci\u00f3n datos instalaciones<\/td>\n<\/tr>\n<tr class=\"compare-row\">\n<td>Exportaci\u00f3n datos instalaciones<\/td>\n<td><span class=\"tickblue\">B\u00e1sica (1 dato diario)<\/span><\/td>\n<td colspan=\"3\"><span class=\"tickgreen\">Avanzada<\/span><\/td>\n<\/tr>\n<tr>\n<td>&nbsp;<\/td>\n<td colspan=\"4\">Exportaci\u00f3n personalizada<\/td>\n<\/tr>\n<tr>\n<td>Exportaci\u00f3n personalizada<\/td>\n<td><\/td>\n<td colspan=\"3\"><span class=\"tickgreen\">&#x2714;<\/span><\/td>\n<\/tr>\n<tr>\n<td>&nbsp;<\/td>\n<td colspan=\"4\">Informes b\u00e1sicos<\/td>\n<\/tr>\n<tr class=\"compare-row\">\n<td>Informes b\u00e1sicos<\/td>\n<td><\/td>\n<td colspan=\"3\"><span class=\"tickgreen\">&#x2714;<\/span><\/td>\n<\/tr>\n<tr>\n<td>&nbsp;<\/td>\n<td colspan=\"4\">Informes personalizables<\/td>\n<\/tr>\n<tr class=\"compare-row\">\n<td>Informes personalizables<\/td>\n<td><\/td>\n<td colspan=\"3\"><span class=\"tickgreen\">&#x2714;<\/span><\/td>\n<\/tr>\n<tr>\n<td>&nbsp;<\/td>\n<td colspan=\"4\">Sistema de avisos ante incidencias en la planta<\/td>\n<\/tr>\n<tr>\n<td>Sistema de avisos ante incidencias en la planta<\/td>\n<td><\/td>\n<td colspan=\"3\"><span class=\"tickgreen\">&#x2714;<\/span><\/td>\n<\/tr>\n<tr>\n<td>&nbsp;<\/td>\n<td colspan=\"4\">Creaci\u00f3n alarmas personalizadas &#8216;ITTDT&#8217;<\/td>\n<\/tr>\n<tr class=\"compare-row\">\n<td>Creaci\u00f3n alarmas personalizadas &#8216;ITTDT&#8217;<\/td>\n<td><\/td>\n<td colspan=\"3\"><span class=\"tickgreen\">Ilimitadas<\/span><\/td>\n<\/tr>\n<tr>\n<td>&nbsp;<\/td>\n<td colspan=\"4\">Lectura de fuentes externas en alarmas *<\/td>\n<\/tr>\n<tr>\n<td>Lectura de fuentes externas en alarmas *<\/td>\n<td><\/td>\n<td colspan=\"3\"><span class=\"tickgreen\">Ilimitadas<\/span><\/td>\n<\/tr>\n<tr>\n<td>&nbsp;<\/td>\n<td colspan=\"4\">Inventario de equipos<\/td>\n<\/tr>\n<tr class=\"compare-row\">\n<td>Inventario de equipos<\/td>\n<td><\/td>\n<td colspan=\"3\"><span class=\"tickgreen\">&#x2714;<\/span><\/td>\n<\/tr>\n<tr>\n<td>&nbsp;<\/td>\n<td colspan=\"4\">Sistema de preventivos<\/td>\n<\/tr>\n<tr>\n<td>Sistema de preventivos<\/td>\n<td><\/td>\n<td colspan=\"3\"><span class=\"tickgreen\">&#x2714;<\/span><\/td>\n<\/tr>\n<tr>\n<td>&nbsp;<\/td>\n<td colspan=\"4\">Sistema de correctivos<\/td>\n<\/tr>\n<tr>\n<td>Sistema de correctivos<\/td>\n<td><\/td>\n<td colspan=\"3\"><span class=\"tickgreen\">&#x2714;<\/span><\/td>\n<\/tr>\n<tr>\n<td>&nbsp;<\/td>\n<td colspan=\"4\">Preventivos basados en predicciones<\/td>\n<\/tr>\n<tr>\n<td>Preventivos basados en predicciones<\/td>\n<td><\/td>\n<td colspan=\"3\"><span class=\"tickgreen\">&#x2714;<\/span><\/td>\n<\/tr>\n<tr>\n<td>&nbsp;<\/td>\n<td colspan=\"4\">Prueba lectura contadores TCP<\/td>\n<\/tr>\n<tr class=\"compare-row\">\n<td>Prueba lectura contadores TCP<\/td>\n<td><\/td>\n<td colspan=\"3\"><span class=\"tickgreen\">&#x2714;<\/span><\/td>\n<\/tr>\n<tr>\n<td>&nbsp;<\/td>\n<td colspan=\"4\">Vista de mapa<\/td>\n<\/tr>\n<tr>\n<td>Vista de mapa<\/td>\n<td><\/td>\n<td colspan=\"3\"><span class=\"tickgreen\">&#x2714;<\/span><\/td>\n<\/tr>\n<tr>\n<td>&nbsp;<\/td>\n<td colspan=\"4\">Vista de plano<\/td>\n<\/tr>\n<tr>\n<td>Vista de plano<\/td>\n<td><\/td>\n<td colspan=\"3\"><span class=\"tickgreen\">&#x2714;<\/span><\/td>\n<\/tr>\n<tr>\n<td>&nbsp;<\/td>\n<td colspan=\"4\">Control remoto de seguidores *<\/td>\n<\/tr>\n<tr class=\"compare-row\">\n<td>Control remoto de seguidores *<\/td>\n<td><\/td>\n<td colspan=\"3\"><span class=\"tickgreen\">&#x2714;<\/span><\/td>\n<\/tr>\n<tr>\n<td>&nbsp;<\/td>\n<td colspan=\"4\">Modo responsive<\/td>\n<\/tr>\n<tr>\n<td>Modo responsive<\/td>\n<td><span class=\"tickblue\">&#x2714;<\/span><\/td>\n<td colspan=\"3\"><span class=\"tickgreen\">&#x2714;<\/span><\/td>\n<\/tr>\n<tr class=\"compare-row\">\n<td>&nbsp;<\/td>\n<td colspan=\"4\">Aplicaci\u00f3n Android<\/td>\n<\/tr>\n<tr>\n<td>Aplicaci\u00f3n Android<\/td>\n<td><\/td>\n<td colspan=\"3\"><span class=\"tickgreen\">&#x2714;<\/span><\/td>\n<\/tr>\n<tr class=\"compare-row\">\n<td>&nbsp;<\/td>\n<td colspan=\"4\">Skin personalizable<\/td>\n<\/tr>\n<tr>\n<td>Skin personalizable<\/td>\n<td><\/td>\n<td colspan=\"3\"><span class=\"tickgreen\">&#x2714;<\/span><\/td>\n<\/tr>\n<tr>\n<td>&nbsp;<\/td>\n<td colspan=\"4\">Correo diario y mensual producci\u00f3n de la planta<\/td>\n<\/tr>\n<tr class=\"compare-row\">\n<td>Correo diario y mensual producci\u00f3n de la planta<\/td>\n<td><span class=\"tickblue\">&#x2714;<\/span><\/td>\n<td colspan=\"3\"><span class=\"tickgreen\">&#x2714;<\/span><\/td>\n<\/tr>\n<tr>\n<td>&nbsp;<\/td>\n<td colspan=\"4\">Correo diario y mensual seguidores e inversores<\/td>\n<\/tr>\n<tr class=\"compare-row\">\n<td>Correo diario y mensual seguidores e inversores<\/td>\n<td><\/td>\n<td colspan=\"3\"><span class=\"tickgreen\">&#x2714;<\/span><\/td>\n<\/tr>\n<tr>\n<td>&nbsp;<\/td>\n<td colspan=\"4\">Correo diario y mensual preventivos y correctivos<\/td>\n<\/tr>\n<tr class=\"compare-row\">\n<td>Correo diario y mensual preventivos y correctivos<\/td>\n<td><\/td>\n<td colspan=\"3\"><span class=\"tickgreen\">&#x2714;<\/span><\/td>\n<\/tr>\n<tr>\n<td>&nbsp;<\/td>\n<td colspan=\"4\">Creaci\u00f3n de alias por usuario e instalaci\u00f3n<\/td>\n<\/tr>\n<tr>\n<td>Creaci\u00f3n de alias por usuario e instalaci\u00f3n<\/td>\n<td><\/td>\n<td colspan=\"3\"><span class=\"tickgreen\">&#x2714;<\/span><\/td>\n<\/tr>\n<\/tbody>\n<\/table>\n<div style=\"text-align: right; margin-top: 10px;\">\n    <small>* Desarrollo de drivers no incluido<\/small><\/div>\n<\/div>\n<div class=\"comparison\">\n<table class=\"responsive-table\">\n<thead>\n<tr>\n<th class=\"tl tl2\"><\/th>\n<th class=\"qbse\">\n          Low cost<\/th>\n<th colspan=\"4\" class=\"qbo\">\n          Professional SCADA *<\/th>\n<\/tr>\n<tr>\n<th class=\"tl\"><\/th>\n<th class=\"compare-heading\"><\/th>\n<th colspan=\"2\" class=\"compare-heading\">\n           Telemedida en Tiempo Real<\/th>\n<th colspan=\"2\" class=\"compare-heading\">\n          Despacho Delegado<\/th>\n<\/tr>\n<tr>\n<th><\/th>\n<th class=\"price-info\">\n<div class=\"price-now\"><span class=\"price-small\">No disponible<\/span><\/div>\n<\/th>\n<th colspan=\"2\" class=\"price-info\">\n<div class=\"price-now\"><span>1200\u20ac<span class=\"price-small\">a\u00f1o<\/span><\/span>agrupaci\u00f3n<\/div>\n<\/th>\n<th colspan=\"2\" class=\"price-info\">\n<div class=\"price-now\"><span>3600\u20ac<span class=\"price-small\">a\u00f1o<\/span><\/span>agrupaci\u00f3n<\/div>\n<\/th>\n<\/tr>\n<\/thead>\n<tbody>\n<tr>\n<td><\/td>\n<td colspan=\"4\">Servicio TTR y Despacho Delegado<\/td>\n<\/tr>\n<tr>\n<td>Servicio TTR y Despacho Delegado<\/td>\n<td><\/td>\n<td colspan=\"4\"><span class=\"tickgreen\">&#x2714;<br \/>\nDto por volumen (-5% por 5 o m\u00e1s agrupaciones, -10% por 10 o m\u00e1s agrupaciones)<\/span><\/td>\n<\/tr>\n<\/tbody>\n<\/table>\n<\/div>\n<div class=\"comparison\">\n<table class=\"responsive-table\">\n<thead>\n<tr>\n<th class=\"qbo\">\n          * COMPLEMENTOS<\/th>\n<\/tr>\n<tr>\n<th style=\"padding-top: 10px;\">Minipc (Raspberry PI \/ eBox): 250-500\u20ac dependiendo del equipo<\/th>\n<\/tr>\n<tr>\n<th>Conversor TCP\/RS485-RS232: 90\u20ac<\/th>\n<\/tr>\n<\/thead>\n<\/table>\n<\/div>\n<\/div>\n<div id=\"content-mobile\">\n<a href=\"\/public\/presupuesto?plan=mobile\" target=\"_blank\" rel=\"noopener noreferrer\"> <img decoding=\"async\" src=\"\/public\/wp-content\/uploads\/2019\/05\/mvscada_precios.png\" target=\"_blank\"><br \/>\n<\/a><\/div>\n<\/div>\n<\/div>\n","protected":false},"excerpt":{"rendered":"<p>Low cost Professional SCADA * &#8211; Menos de 25MW Menos de 100MW M\u00e1s de 100MW 1\u20acmesContador PRESUPUESTO PRESUPUESTO PRESUPUESTO PRESUPUESTO Monitorizaci\u00f3n de contadores Monitorizaci\u00f3n de contadores * &#x2714; &#x2714; &nbsp; Monitorizaci\u00f3n de inversores * Monitorizaci\u00f3n de inversores * &#x2714; &nbsp; Monitorizaci\u00f3n de seguidores * Monitorizaci\u00f3n de seguidores * &#x2714; &nbsp; Monitorizaci\u00f3n de sondas * Monitorizaci\u00f3n<\/p>\n","protected":false},"author":1,"featured_media":0,"parent":0,"menu_order":0,"comment_status":"closed","ping_status":"closed","template":"fullwidth.php","meta":{"footnotes":""},"class_list":["post-835","page","type-page","status-publish","hentry"],"yoast_head":"<!-- This site is optimized with the Yoast SEO plugin v27.5 - https:\/\/yoast.com\/product\/yoast-seo-wordpress\/ -->\n<title>Precios - MVScada<\/title>\n<meta name=\"robots\" content=\"index, follow, max-snippet:-1, max-image-preview:large, max-video-preview:-1\" \/>\n<link rel=\"canonical\" href=\"https:\/\/mvscada.com\/public\/precios\/\" \/>\n<meta property=\"og:locale\" content=\"es_ES\" \/>\n<meta property=\"og:type\" content=\"article\" \/>\n<meta property=\"og:title\" content=\"Precios - MVScada\" \/>\n<meta property=\"og:description\" content=\"Low cost Professional SCADA * &#8211; Menos de 25MW Menos de 100MW M\u00e1s de 100MW 1\u20acmesContador PRESUPUESTO PRESUPUESTO PRESUPUESTO PRESUPUESTO Monitorizaci\u00f3n de contadores Monitorizaci\u00f3n de contadores * &#x2714; &#x2714; &nbsp; Monitorizaci\u00f3n de inversores * Monitorizaci\u00f3n de inversores * &#x2714; &nbsp; Monitorizaci\u00f3n de seguidores * Monitorizaci\u00f3n de seguidores * &#x2714; &nbsp; Monitorizaci\u00f3n de sondas * Monitorizaci\u00f3n\" \/>\n<meta property=\"og:url\" content=\"https:\/\/mvscada.com\/public\/precios\/\" \/>\n<meta property=\"og:site_name\" content=\"MVScada\" \/>\n<meta property=\"article:modified_time\" content=\"2024-06-13T06:08:34+00:00\" \/>\n<meta name=\"twitter:card\" content=\"summary_large_image\" \/>\n<meta name=\"twitter:label1\" content=\"Tiempo de lectura\" \/>\n\t<meta name=\"twitter:data1\" content=\"2 minutos\" \/>\n<script type=\"application\/ld+json\" class=\"yoast-schema-graph\">{\"@context\":\"https:\\\/\\\/schema.org\",\"@graph\":[{\"@type\":\"WebPage\",\"@id\":\"https:\\\/\\\/mvscada.com\\\/public\\\/precios\\\/\",\"url\":\"https:\\\/\\\/mvscada.com\\\/public\\\/precios\\\/\",\"name\":\"Precios - MVScada\",\"isPartOf\":{\"@id\":\"https:\\\/\\\/mvscada.com\\\/public\\\/#website\"},\"datePublished\":\"2019-05-21T12:36:17+00:00\",\"dateModified\":\"2024-06-13T06:08:34+00:00\",\"breadcrumb\":{\"@id\":\"https:\\\/\\\/mvscada.com\\\/public\\\/precios\\\/#breadcrumb\"},\"inLanguage\":\"es\",\"potentialAction\":[{\"@type\":\"ReadAction\",\"target\":[\"https:\\\/\\\/mvscada.com\\\/public\\\/precios\\\/\"]}]},{\"@type\":\"BreadcrumbList\",\"@id\":\"https:\\\/\\\/mvscada.com\\\/public\\\/precios\\\/#breadcrumb\",\"itemListElement\":[{\"@type\":\"ListItem\",\"position\":1,\"name\":\"Portada\",\"item\":\"https:\\\/\\\/mvscada.com\\\/public\\\/\"},{\"@type\":\"ListItem\",\"position\":2,\"name\":\"Precios\"}]},{\"@type\":\"WebSite\",\"@id\":\"https:\\\/\\\/mvscada.com\\\/public\\\/#website\",\"url\":\"https:\\\/\\\/mvscada.com\\\/public\\\/\",\"name\":\"MVScada\",\"description\":\"Monitorizaci\u00f3n, control y gesti\u00f3n de instalaciones solares fotovoltaicas\",\"publisher\":{\"@id\":\"https:\\\/\\\/mvscada.com\\\/public\\\/#organization\"},\"potentialAction\":[{\"@type\":\"SearchAction\",\"target\":{\"@type\":\"EntryPoint\",\"urlTemplate\":\"https:\\\/\\\/mvscada.com\\\/public\\\/?s={search_term_string}\"},\"query-input\":{\"@type\":\"PropertyValueSpecification\",\"valueRequired\":true,\"valueName\":\"search_term_string\"}}],\"inLanguage\":\"es\"},{\"@type\":\"Organization\",\"@id\":\"https:\\\/\\\/mvscada.com\\\/public\\\/#organization\",\"name\":\"Megavatio Proyectos S.L.\",\"url\":\"https:\\\/\\\/mvscada.com\\\/public\\\/\",\"logo\":{\"@type\":\"ImageObject\",\"inLanguage\":\"es\",\"@id\":\"https:\\\/\\\/mvscada.com\\\/public\\\/#\\\/schema\\\/logo\\\/image\\\/\",\"url\":\"https:\\\/\\\/mvscada.com\\\/public\\\/wp-content\\\/uploads\\\/2021\\\/11\\\/cropped-cropped-Logo_web.png\",\"contentUrl\":\"https:\\\/\\\/mvscada.com\\\/public\\\/wp-content\\\/uploads\\\/2021\\\/11\\\/cropped-cropped-Logo_web.png\",\"width\":3281,\"height\":1064,\"caption\":\"Megavatio Proyectos S.L.\"},\"image\":{\"@id\":\"https:\\\/\\\/mvscada.com\\\/public\\\/#\\\/schema\\\/logo\\\/image\\\/\"}}]}<\/script>\n<!-- \/ Yoast SEO plugin. -->","yoast_head_json":{"title":"Precios - MVScada","robots":{"index":"index","follow":"follow","max-snippet":"max-snippet:-1","max-image-preview":"max-image-preview:large","max-video-preview":"max-video-preview:-1"},"canonical":"https:\/\/mvscada.com\/public\/precios\/","og_locale":"es_ES","og_type":"article","og_title":"Precios - MVScada","og_description":"Low cost Professional SCADA * &#8211; Menos de 25MW Menos de 100MW M\u00e1s de 100MW 1\u20acmesContador PRESUPUESTO PRESUPUESTO PRESUPUESTO PRESUPUESTO Monitorizaci\u00f3n de contadores Monitorizaci\u00f3n de contadores * &#x2714; &#x2714; &nbsp; Monitorizaci\u00f3n de inversores * Monitorizaci\u00f3n de inversores * &#x2714; &nbsp; Monitorizaci\u00f3n de seguidores * Monitorizaci\u00f3n de seguidores * &#x2714; &nbsp; Monitorizaci\u00f3n de sondas * Monitorizaci\u00f3n","og_url":"https:\/\/mvscada.com\/public\/precios\/","og_site_name":"MVScada","article_modified_time":"2024-06-13T06:08:34+00:00","twitter_card":"summary_large_image","twitter_misc":{"Tiempo de lectura":"2 minutos"},"schema":{"@context":"https:\/\/schema.org","@graph":[{"@type":"WebPage","@id":"https:\/\/mvscada.com\/public\/precios\/","url":"https:\/\/mvscada.com\/public\/precios\/","name":"Precios - MVScada","isPartOf":{"@id":"https:\/\/mvscada.com\/public\/#website"},"datePublished":"2019-05-21T12:36:17+00:00","dateModified":"2024-06-13T06:08:34+00:00","breadcrumb":{"@id":"https:\/\/mvscada.com\/public\/precios\/#breadcrumb"},"inLanguage":"es","potentialAction":[{"@type":"ReadAction","target":["https:\/\/mvscada.com\/public\/precios\/"]}]},{"@type":"BreadcrumbList","@id":"https:\/\/mvscada.com\/public\/precios\/#breadcrumb","itemListElement":[{"@type":"ListItem","position":1,"name":"Portada","item":"https:\/\/mvscada.com\/public\/"},{"@type":"ListItem","position":2,"name":"Precios"}]},{"@type":"WebSite","@id":"https:\/\/mvscada.com\/public\/#website","url":"https:\/\/mvscada.com\/public\/","name":"MVScada","description":"Monitorizaci\u00f3n, control y gesti\u00f3n de instalaciones solares fotovoltaicas","publisher":{"@id":"https:\/\/mvscada.com\/public\/#organization"},"potentialAction":[{"@type":"SearchAction","target":{"@type":"EntryPoint","urlTemplate":"https:\/\/mvscada.com\/public\/?s={search_term_string}"},"query-input":{"@type":"PropertyValueSpecification","valueRequired":true,"valueName":"search_term_string"}}],"inLanguage":"es"},{"@type":"Organization","@id":"https:\/\/mvscada.com\/public\/#organization","name":"Megavatio Proyectos S.L.","url":"https:\/\/mvscada.com\/public\/","logo":{"@type":"ImageObject","inLanguage":"es","@id":"https:\/\/mvscada.com\/public\/#\/schema\/logo\/image\/","url":"https:\/\/mvscada.com\/public\/wp-content\/uploads\/2021\/11\/cropped-cropped-Logo_web.png","contentUrl":"https:\/\/mvscada.com\/public\/wp-content\/uploads\/2021\/11\/cropped-cropped-Logo_web.png","width":3281,"height":1064,"caption":"Megavatio Proyectos S.L."},"image":{"@id":"https:\/\/mvscada.com\/public\/#\/schema\/logo\/image\/"}}]}},"_links":{"self":[{"href":"https:\/\/mvscada.com\/public\/wp-json\/wp\/v2\/pages\/835","targetHints":{"allow":["GET"]}}],"collection":[{"href":"https:\/\/mvscada.com\/public\/wp-json\/wp\/v2\/pages"}],"about":[{"href":"https:\/\/mvscada.com\/public\/wp-json\/wp\/v2\/types\/page"}],"author":[{"embeddable":true,"href":"https:\/\/mvscada.com\/public\/wp-json\/wp\/v2\/users\/1"}],"replies":[{"embeddable":true,"href":"https:\/\/mvscada.com\/public\/wp-json\/wp\/v2\/comments?post=835"}],"version-history":[{"count":46,"href":"https:\/\/mvscada.com\/public\/wp-json\/wp\/v2\/pages\/835\/revisions"}],"predecessor-version":[{"id":1005,"href":"https:\/\/mvscada.com\/public\/wp-json\/wp\/v2\/pages\/835\/revisions\/1005"}],"wp:attachment":[{"href":"https:\/\/mvscada.com\/public\/wp-json\/wp\/v2\/media?parent=835"}],"curies":[{"name":"wp","href":"https:\/\/api.w.org\/{rel}","templated":true}]}}