{"id":97,"date":"2015-01-11T13:38:34","date_gmt":"2015-01-11T12:38:34","guid":{"rendered":"http:\/\/mvscada.com\/public\/?page_id=97"},"modified":"2020-03-21T10:40:00","modified_gmt":"2020-03-21T09:40:00","slug":"aviso-legal","status":"publish","type":"page","link":"https:\/\/mvscada.com\/public\/aviso-legal\/","title":{"rendered":"Aviso Legal"},"content":{"rendered":"\n<p>\nCon\nla finalidad de dar cumplimiento al art\u00edculo 10 de la Ley 34\/2002 de\nServicios de la Sociedad de la Informaci\u00f3n y Comercio Electr\u00f3nico,\ninformamos al usuario de nuestros datos:<\/p>\n\n\n\n<p><br> Denominaci\u00f3n Social: MEGAVATIO PROYECTOS SL<br> Domicilio Social: C\/ CARPINTERIA 1 NAVE F &#8211; 47610 &#8211; ZARATAN &#8211; VALLADOLID<br> NIF: B47782966<br> Tel\u00e9fono: 625 031125 (laborables de 07:00 a 15:00)<br> e-Mail: admon [arroba] megaproyectos.es<br> <br> <br> <\/p>\n\n\n\n<h1 class=\"wp-block-heading\">\nObjeto<\/h1>\n\n\n\n<p>\nEl\nprestador, responsable del sitio web, pone a disposici\u00f3n de los\nusuarios el presente documento con el que pretende dar cumplimiento a\nlas obligaciones dispuestas en la Ley 34\/2002, de Servicios de la\nSociedad de la Informaci\u00f3n y del Comercio Electr\u00f3nico (LSSI-CE),\nas\u00ed como informar a todos los usuarios del sitio web respecto a\ncu\u00e1les son las condiciones de uso del sitio web.<\/p>\n\n\n\n<p>\nToda\npersona que acceda a este sitio web asume el papel de usuario,\ncomprometi\u00e9ndose a la observancia y cumplimiento riguroso de las\ndisposiciones aqu\u00ed dispuestas, as\u00ed como a cualquier otra\ndisposici\u00f3n legal que fuera de aplicaci\u00f3n.<\/p>\n\n\n\n<p>\nEl\nprestador se reserva el derecho a modificar cualquier tipo de\ninformaci\u00f3n que pudiera aparecer en el sitio web, sin que exista\nobligaci\u00f3n de preavisar o poner en conocimiento de los usuarios\ndichas obligaciones, entendi\u00e9ndose como suficiente con la\npublicaci\u00f3n en el sitio web del prestador.<\/p>\n\n\n\n<h1 class=\"wp-block-heading\">\nResponsabilidad<\/h1>\n\n\n\n<p>\nEl\nprestador se exime de cualquier tipo de responsabilidad derivada de\nla informaci\u00f3n publicada en su sitio web, siempre que esta\ninformaci\u00f3n haya sido manipulada o introducida por un tercero ajeno\nal mismo.<\/p>\n\n\n\n<p>\nEl\nsitio web del prestador puede utilizar cookies (peque\u00f1os archivos de\ninformaci\u00f3n que el servidor env\u00eda al ordenador de quien accede a la\np\u00e1gina) para llevar a cabo determinadas funciones que son\nconsideradas imprescindibles para el correcto funcionamiento y\nvisualizaci\u00f3n del sitio. Las cookies utilizadas en el sitio web\ntienen, en todo caso, car\u00e1cter temporal con la \u00fanica finalidad de\nhacer m\u00e1s eficaz su transmisi\u00f3n ulterior y desaparecen al terminar\nla sesi\u00f3n del usuario. En ning\u00fan caso se utilizar\u00e1n las cookies\npara recoger informaci\u00f3n de car\u00e1cter personal.<\/p>\n\n\n\n<p>\nDesde\nel sitio web del cliente es posible que se redirija a contenidos de\nterceros sitios web. Dado que el prestador no puede controlar siempre\nlos contenidos introducidos por los terceros en sus sitios web, \u00e9ste\nno asume ning\u00fan tipo de responsabilidad respecto a dichos\ncontenidos. En todo caso, el prestador manifiesta que proceder\u00e1 a la\nretirada inmediata de cualquier contenido que pudiera contravenir la\nlegislaci\u00f3n nacional o internacional, la moral o el orden p\u00fablico,\nprocediendo a la retirada inmediata de la redirecci\u00f3n a dicho sitio\nweb, poniendo en conocimiento de las autoridades competentes el\ncontenido en cuesti\u00f3n.<\/p>\n\n\n\n<p>\nEl\nprestador no se hace responsable de la informaci\u00f3n y contenidos\nalmacenados, a t\u00edtulo enunciativo pero no limitativo, en foros,\nchats, generadores de blogs, comentarios, redes sociales o cualquier\notro medio que permita a terceros publicar contenidos de forma\nindependiente en la p\u00e1gina web del prestador. No obstante y en\ncumplimiento de lo dispuesto en el art. 11 y 16 de la LSSI-CE, el\nprestador se pone a disposici\u00f3n de todos los usuarios, autoridades y\nfuerzas de seguridad, y colaborando de forma activa en la retirada o\nen su caso bloqueo de todos aquellos contenidos que pudieran afectar\no contravenir la legislaci\u00f3n nacional, o internacional, derechos de\nterceros o la moral y el orden p\u00fablico. En caso de que el usuario\nconsidere que existe en el sitio web alg\u00fan contenido que pudiera ser\nsusceptible de esta clasificaci\u00f3n, se ruega lo notifique de forma\ninmediata al administrador del sitio web.<\/p>\n\n\n\n<p>\nEste\nsitio web ha sido revisado y probado para que funcione correctamente.\nEn principio, puede garantizarse el correcto funcionamiento los 365\nd\u00edas del a\u00f1o, 24 horas al d\u00eda. No obstante, el prestador no\ndescarta la posibilidad de que existan ciertos errores de\nprogramaci\u00f3n, o que acontezcan causas de fuerza mayor, cat\u00e1strofes\nnaturales, huelgas, o circunstancias semejantes que hagan imposible\nel acceso a la p\u00e1gina web.<\/p>\n\n\n\n<h1 class=\"wp-block-heading\">\nPropiedad\nIntelectual e industrial<\/h1>\n\n\n\n<p>\nEl\nsitio web, incluyendo a t\u00edtulo enunciativo pero no limitativo su\nprogramaci\u00f3n, edici\u00f3n, compilaci\u00f3n y dem\u00e1s elementos necesarios\npara su funcionamiento, los dise\u00f1os, logotipos, texto y\/o gr\u00e1ficos\nson propiedad del prestador o en su caso dispone de licencia o\nautorizaci\u00f3n expresa por parte de los autores. Todos los contenidos\ndel sitio web se encuentran debidamente protegidos por la normativa\nde propiedad intelectual e industrial, as\u00ed como inscritos en los\nregistros p\u00fablicos correspondientes. \n<\/p>\n\n\n\n<p>\nIndependientemente\nde la finalidad para la que fueran destinados, la reproducci\u00f3n total\no parcial, uso, explotaci\u00f3n, distribuci\u00f3n y comercializaci\u00f3n,\nrequiere en todo caso de la autorizaci\u00f3n escrita previa por parte\ndel prestador. Cualquier uso no autorizado previamente por parte del\nprestador ser\u00e1 considerado un incumplimiento grave de los derechos\nde propiedad intelectual o industrial del autor.<\/p>\n\n\n\n<p>\nLos\ndise\u00f1os, logotipos, texto y\/o gr\u00e1ficos ajenos al prestador y que\npudieran aparecer en el sitio web, pertenecen a sus respectivos\npropietarios, siendo ellos mismos responsables de cualquier posible\ncontroversia que pudiera suscitarse respecto a los mismos. En todo\ncaso, el prestador cuenta con la autorizaci\u00f3n expresa y previa por\nparte de los mismos.<\/p>\n\n\n\n<p>\nEl\nprestador NO AUTORIZA expresamente a que terceros puedan redirigir\ndirectamente a los contenidos concretos del sitio web, debiendo en\ntodo caso redirigir al sitio web principal del prestador.<\/p>\n\n\n\n<p>\nEl\nprestador reconoce a favor de sus titulares los correspondientes\nderechos de propiedad industrial e intelectual, no implicando su sola\nmenci\u00f3n o aparici\u00f3n en el sitio web la existencia de derechos o\nresponsabilidad alguna del prestador sobre los mismos, como tampoco\nrespaldo, patrocinio o recomendaci\u00f3n por parte del mismo.<\/p>\n\n\n\n<p>\nPara\nrealizar cualquier tipo de observaci\u00f3n respecto a posibles\nincumplimientos de los derechos de propiedad intelectual o\nindustrial, as\u00ed como sobre cualquiera de los contenidos del sitio\nweb, puede hacerlo a trav\u00e9s del siguiente correo electr\u00f3nico.<\/p>\n\n\n\n<p><strong>Veracidad\nde la informaci\u00f3n.<\/strong><\/p>\n\n\n\n<p>Toda\nla informaci\u00f3n que facilita el Usuario tiene que ser veraz. A estos\nefectos, el Usuario garantiza la autenticidad de los datos\ncomunicados a trav\u00e9s de los formularios para la suscripci\u00f3n de los\nServicios. Ser\u00e1 responsabilidad del Usuario mantener toda la\ninformaci\u00f3n facilitada a <strong>MEGAVATIO\nPROYECTOS SL<\/strong>\npermanentemente\nactualizada de forma que responda, en cada momento, a su situaci\u00f3n\nreal. En todo caso, el Usuario ser\u00e1 el \u00fanico responsable de las\nmanifestaciones falsas o inexactas que realice y de los perjuicios\nque cause al prestador o a terceros.<\/p>\n\n\n\n<p><strong>Menores\nde edad.<\/strong><\/p>\n\n\n\n<p>Para\nel uso de los servicios, los menores de edad tienen que obtener\nsiempre previamente el consentimiento de los padres, tutores o\nrepresentantes legales, responsables \u00faltimos de todos los actos\nrealizados por los menores a su cargo. La responsabilidad en la\ndeterminaci\u00f3n de contenidos concretos a los cuales acceden los\nmenores corresponde a aquellos, es por eso que si acceden a\ncontenidos no apropiados por Internet, se tendr\u00e1n que establecer en\nsus ordenadores mecanismos, en particular programas inform\u00e1ticos,\nfiltros y bloqueos, que permitan limitar los contenidos disponibles\ny, a pesar de que no sean infalibles, son de especial utilidad para\ncontrolar y restringir los materiales a los que pueden acceder los\nmenores.<\/p>\n\n\n\n<p><strong>Obligaci\u00f3n\nde hacer un uso correcto de la Web.<\/strong><\/p>\n\n\n\n<p>El\nUsuario se compromete a utilizar la Web de conformidad a la Ley y al\npresente Aviso Legal, as\u00ed como a la moral y a buenas costumbres. A\ntal efecto, el Usuario se abstendr\u00e1 de utilizar la p\u00e1gina con\nfinalidades il\u00edcitas o prohibidas, lesivas de derechos e intereses\nde terceros, o que de cualquier forma puedan da\u00f1ar, inutilizar,\nsobrecargar, deteriorar o impedir la normal utilizaci\u00f3n de equipos\ninform\u00e1ticos o documentos, archivos y toda clase de contenidos\nalmacenados en cualquier equipo inform\u00e1tico del prestador.<\/p>\n\n\n\n<p>En\nparticular, y a t\u00edtulo indicativo pero no exhaustivo, el Usuario se\ncompromete a no transmitir, difundir o poner a disposici\u00f3n de\nterceros informaciones, datos, contenidos, mensajes, gr\u00e1ficos,\ndibujos, archivos de sonido o imagen, fotograf\u00edas, grabaciones,\nsoftware y, en general, cualquier clase de material que:<\/p>\n\n\n\n<p>(a)\nsea contraria, desprecie o atente contra los derechos fundamentales y\nlas libertades p\u00fablicas reconocidas constitucionalmente, en tratados\ninternacionales y otras normas vigentes;<\/p>\n\n\n\n<p>(b)\ninduzca, incite o promueva actuaciones delictivas, denigrantes,\ndifamatorias, violentas o, en general, contrarias a la ley, a la\nmoral y al orden p\u00fablico;<\/p>\n\n\n\n<p>(c)\ninduzca, incite o promueva actuaciones, actitudes o pensamientos\ndiscriminatorios por raz\u00f3n de sexo, raza, religi\u00f3n, creencias, edad\no condici\u00f3n;<\/p>\n\n\n\n<p>(d)\nsea contrario al derecho al honor, a la intimidad personal o familiar\no a la propia imagen de las personas;<\/p>\n\n\n\n<p>(e)\nde cualquier manera perjudique la credibilidad del prestador o de\nterceros; y<\/p>\n\n\n\n<p>(f)\nconstituya publicidad il\u00edcita, enga\u00f1osa o desleal.<\/p>\n\n\n\n<h1 class=\"wp-block-heading\">\nLey\nAplicable y Jurisdicci\u00f3n<\/h1>\n\n\n\n<p>\nPara\nla resoluci\u00f3n de todas las controversias o cuestiones relacionadas\ncon el presente sitio web o de las actividades en \u00e9l desarrolladas,\nser\u00e1 de aplicaci\u00f3n la legislaci\u00f3n espa\u00f1ola, a la que se someten\nexpresamente las partes, siendo competentes para la resoluci\u00f3n de\ntodos los conflictos derivados o relacionados con su uso los Juzgados\ny Tribunales de VALLADOLID.<\/p>\n","protected":false},"excerpt":{"rendered":"<p>Con la finalidad de dar cumplimiento al art\u00edculo 10 de la Ley 34\/2002 de Servicios de la Sociedad de la Informaci\u00f3n y Comercio Electr\u00f3nico, informamos al usuario de nuestros datos: Denominaci\u00f3n Social: MEGAVATIO PROYECTOS SL Domicilio Social: C\/ CARPINTERIA 1 NAVE F &#8211; 47610 &#8211; ZARATAN &#8211; VALLADOLID NIF: B47782966 Tel\u00e9fono: 625 031125 (laborables de<\/p>\n","protected":false},"author":1,"featured_media":0,"parent":0,"menu_order":0,"comment_status":"closed","ping_status":"closed","template":"","meta":{"footnotes":""},"class_list":["post-97","page","type-page","status-publish","hentry"],"yoast_head":"<!-- This site is optimized with the Yoast SEO plugin v27.4 - https:\/\/yoast.com\/product\/yoast-seo-wordpress\/ -->\n<title>Aviso Legal - MVScada<\/title>\n<meta name=\"robots\" content=\"index, follow, max-snippet:-1, max-image-preview:large, max-video-preview:-1\" \/>\n<link rel=\"canonical\" href=\"https:\/\/mvscada.com\/public\/aviso-legal\/\" \/>\n<meta property=\"og:locale\" content=\"es_ES\" \/>\n<meta property=\"og:type\" content=\"article\" \/>\n<meta property=\"og:title\" content=\"Aviso Legal - MVScada\" \/>\n<meta property=\"og:description\" content=\"Con la finalidad de dar cumplimiento al art\u00edculo 10 de la Ley 34\/2002 de Servicios de la Sociedad de la Informaci\u00f3n y Comercio Electr\u00f3nico, informamos al usuario de nuestros datos: Denominaci\u00f3n Social: MEGAVATIO PROYECTOS SL Domicilio Social: C\/ CARPINTERIA 1 NAVE F &#8211; 47610 &#8211; ZARATAN &#8211; VALLADOLID NIF: B47782966 Tel\u00e9fono: 625 031125 (laborables de\" \/>\n<meta property=\"og:url\" content=\"https:\/\/mvscada.com\/public\/aviso-legal\/\" \/>\n<meta property=\"og:site_name\" content=\"MVScada\" \/>\n<meta property=\"article:modified_time\" content=\"2020-03-21T09:40:00+00:00\" \/>\n<meta name=\"twitter:card\" content=\"summary_large_image\" \/>\n<meta name=\"twitter:label1\" content=\"Tiempo de lectura\" \/>\n\t<meta name=\"twitter:data1\" content=\"8 minutos\" \/>\n<script type=\"application\/ld+json\" class=\"yoast-schema-graph\">{\"@context\":\"https:\\\/\\\/schema.org\",\"@graph\":[{\"@type\":\"WebPage\",\"@id\":\"https:\\\/\\\/mvscada.com\\\/public\\\/aviso-legal\\\/\",\"url\":\"https:\\\/\\\/mvscada.com\\\/public\\\/aviso-legal\\\/\",\"name\":\"Aviso Legal - MVScada\",\"isPartOf\":{\"@id\":\"https:\\\/\\\/mvscada.com\\\/public\\\/#website\"},\"datePublished\":\"2015-01-11T12:38:34+00:00\",\"dateModified\":\"2020-03-21T09:40:00+00:00\",\"breadcrumb\":{\"@id\":\"https:\\\/\\\/mvscada.com\\\/public\\\/aviso-legal\\\/#breadcrumb\"},\"inLanguage\":\"es\",\"potentialAction\":[{\"@type\":\"ReadAction\",\"target\":[\"https:\\\/\\\/mvscada.com\\\/public\\\/aviso-legal\\\/\"]}]},{\"@type\":\"BreadcrumbList\",\"@id\":\"https:\\\/\\\/mvscada.com\\\/public\\\/aviso-legal\\\/#breadcrumb\",\"itemListElement\":[{\"@type\":\"ListItem\",\"position\":1,\"name\":\"Portada\",\"item\":\"https:\\\/\\\/mvscada.com\\\/public\\\/\"},{\"@type\":\"ListItem\",\"position\":2,\"name\":\"Aviso Legal\"}]},{\"@type\":\"WebSite\",\"@id\":\"https:\\\/\\\/mvscada.com\\\/public\\\/#website\",\"url\":\"https:\\\/\\\/mvscada.com\\\/public\\\/\",\"name\":\"MVScada\",\"description\":\"Monitorizaci\u00f3n, control y gesti\u00f3n de instalaciones solares fotovoltaicas\",\"publisher\":{\"@id\":\"https:\\\/\\\/mvscada.com\\\/public\\\/#organization\"},\"potentialAction\":[{\"@type\":\"SearchAction\",\"target\":{\"@type\":\"EntryPoint\",\"urlTemplate\":\"https:\\\/\\\/mvscada.com\\\/public\\\/?s={search_term_string}\"},\"query-input\":{\"@type\":\"PropertyValueSpecification\",\"valueRequired\":true,\"valueName\":\"search_term_string\"}}],\"inLanguage\":\"es\"},{\"@type\":\"Organization\",\"@id\":\"https:\\\/\\\/mvscada.com\\\/public\\\/#organization\",\"name\":\"Megavatio Proyectos S.L.\",\"url\":\"https:\\\/\\\/mvscada.com\\\/public\\\/\",\"logo\":{\"@type\":\"ImageObject\",\"inLanguage\":\"es\",\"@id\":\"https:\\\/\\\/mvscada.com\\\/public\\\/#\\\/schema\\\/logo\\\/image\\\/\",\"url\":\"https:\\\/\\\/mvscada.com\\\/public\\\/wp-content\\\/uploads\\\/2021\\\/11\\\/cropped-cropped-Logo_web.png\",\"contentUrl\":\"https:\\\/\\\/mvscada.com\\\/public\\\/wp-content\\\/uploads\\\/2021\\\/11\\\/cropped-cropped-Logo_web.png\",\"width\":3281,\"height\":1064,\"caption\":\"Megavatio Proyectos S.L.\"},\"image\":{\"@id\":\"https:\\\/\\\/mvscada.com\\\/public\\\/#\\\/schema\\\/logo\\\/image\\\/\"}}]}<\/script>\n<!-- \/ Yoast SEO plugin. -->","yoast_head_json":{"title":"Aviso Legal - MVScada","robots":{"index":"index","follow":"follow","max-snippet":"max-snippet:-1","max-image-preview":"max-image-preview:large","max-video-preview":"max-video-preview:-1"},"canonical":"https:\/\/mvscada.com\/public\/aviso-legal\/","og_locale":"es_ES","og_type":"article","og_title":"Aviso Legal - MVScada","og_description":"Con la finalidad de dar cumplimiento al art\u00edculo 10 de la Ley 34\/2002 de Servicios de la Sociedad de la Informaci\u00f3n y Comercio Electr\u00f3nico, informamos al usuario de nuestros datos: Denominaci\u00f3n Social: MEGAVATIO PROYECTOS SL Domicilio Social: C\/ CARPINTERIA 1 NAVE F &#8211; 47610 &#8211; ZARATAN &#8211; VALLADOLID NIF: B47782966 Tel\u00e9fono: 625 031125 (laborables de","og_url":"https:\/\/mvscada.com\/public\/aviso-legal\/","og_site_name":"MVScada","article_modified_time":"2020-03-21T09:40:00+00:00","twitter_card":"summary_large_image","twitter_misc":{"Tiempo de lectura":"8 minutos"},"schema":{"@context":"https:\/\/schema.org","@graph":[{"@type":"WebPage","@id":"https:\/\/mvscada.com\/public\/aviso-legal\/","url":"https:\/\/mvscada.com\/public\/aviso-legal\/","name":"Aviso Legal - MVScada","isPartOf":{"@id":"https:\/\/mvscada.com\/public\/#website"},"datePublished":"2015-01-11T12:38:34+00:00","dateModified":"2020-03-21T09:40:00+00:00","breadcrumb":{"@id":"https:\/\/mvscada.com\/public\/aviso-legal\/#breadcrumb"},"inLanguage":"es","potentialAction":[{"@type":"ReadAction","target":["https:\/\/mvscada.com\/public\/aviso-legal\/"]}]},{"@type":"BreadcrumbList","@id":"https:\/\/mvscada.com\/public\/aviso-legal\/#breadcrumb","itemListElement":[{"@type":"ListItem","position":1,"name":"Portada","item":"https:\/\/mvscada.com\/public\/"},{"@type":"ListItem","position":2,"name":"Aviso Legal"}]},{"@type":"WebSite","@id":"https:\/\/mvscada.com\/public\/#website","url":"https:\/\/mvscada.com\/public\/","name":"MVScada","description":"Monitorizaci\u00f3n, control y gesti\u00f3n de instalaciones solares fotovoltaicas","publisher":{"@id":"https:\/\/mvscada.com\/public\/#organization"},"potentialAction":[{"@type":"SearchAction","target":{"@type":"EntryPoint","urlTemplate":"https:\/\/mvscada.com\/public\/?s={search_term_string}"},"query-input":{"@type":"PropertyValueSpecification","valueRequired":true,"valueName":"search_term_string"}}],"inLanguage":"es"},{"@type":"Organization","@id":"https:\/\/mvscada.com\/public\/#organization","name":"Megavatio Proyectos S.L.","url":"https:\/\/mvscada.com\/public\/","logo":{"@type":"ImageObject","inLanguage":"es","@id":"https:\/\/mvscada.com\/public\/#\/schema\/logo\/image\/","url":"https:\/\/mvscada.com\/public\/wp-content\/uploads\/2021\/11\/cropped-cropped-Logo_web.png","contentUrl":"https:\/\/mvscada.com\/public\/wp-content\/uploads\/2021\/11\/cropped-cropped-Logo_web.png","width":3281,"height":1064,"caption":"Megavatio Proyectos S.L."},"image":{"@id":"https:\/\/mvscada.com\/public\/#\/schema\/logo\/image\/"}}]}},"_links":{"self":[{"href":"https:\/\/mvscada.com\/public\/wp-json\/wp\/v2\/pages\/97","targetHints":{"allow":["GET"]}}],"collection":[{"href":"https:\/\/mvscada.com\/public\/wp-json\/wp\/v2\/pages"}],"about":[{"href":"https:\/\/mvscada.com\/public\/wp-json\/wp\/v2\/types\/page"}],"author":[{"embeddable":true,"href":"https:\/\/mvscada.com\/public\/wp-json\/wp\/v2\/users\/1"}],"replies":[{"embeddable":true,"href":"https:\/\/mvscada.com\/public\/wp-json\/wp\/v2\/comments?post=97"}],"version-history":[{"count":10,"href":"https:\/\/mvscada.com\/public\/wp-json\/wp\/v2\/pages\/97\/revisions"}],"predecessor-version":[{"id":920,"href":"https:\/\/mvscada.com\/public\/wp-json\/wp\/v2\/pages\/97\/revisions\/920"}],"wp:attachment":[{"href":"https:\/\/mvscada.com\/public\/wp-json\/wp\/v2\/media?parent=97"}],"curies":[{"name":"wp","href":"https:\/\/api.w.org\/{rel}","templated":true}]}}