{"id":992,"date":"2024-06-18T09:47:05","date_gmt":"2024-06-18T07:47:05","guid":{"rendered":"https:\/\/mvscada.com\/public\/?page_id=992"},"modified":"2024-06-18T09:58:24","modified_gmt":"2024-06-18T07:58:24","slug":"sistema-de-reduccion-automatica-de-potencia-srap","status":"publish","type":"page","link":"https:\/\/mvscada.com\/public\/sistema-de-reduccion-automatica-de-potencia-srap\/","title":{"rendered":"SRAP: Sistema de Reducci\u00f3n Autom\u00e1tica de Potencia"},"content":{"rendered":"\n<p>Desde MVScada, ofrecemos la implantaci\u00f3n en nuestro sistema de monitorizaci\u00f3n del nuevo <strong>Sistema de Reducci\u00f3n Autom\u00e1tica de Potencia (SRAP)<\/strong>: una soluci\u00f3n innovadora dise\u00f1ada para cumplir con el nuevo procedimiento de la CNMC de flexibilizaci\u00f3n de la producci\u00f3n de energ\u00edas renovables en caso de restricciones t\u00e9cnicas o congestiones en la red (seg\u00fan se recoge en <a href=\"https:\/\/www.cnmc.es\/expedientes\/dcoorde00721\"><strong>DCOOR\/DE\/007\/21<\/strong><\/a>).<\/p>\n\n\n\n<h4 class=\"wp-block-heading\">\u00bfQu\u00e9 es el SRAP?<\/h4>\n\n\n\n<p>El SRAP es un sistema automatizado que permite desconectar temporalmente y en apenas segundos a las instalaciones de generaci\u00f3n de energ\u00edas renovables en caso de fallos en el sistema el\u00e9ctrico, para que Red El\u00e9ctrica pueda evitar as\u00ed situaciones de congesti\u00f3n de la red en tiempo real. Las instalaciones de energ\u00edas renovables pueden adscribirse al sistema SRAP de manera voluntaria, aunque para participar en \u00e9l, primero se debe pasar una prueba habilitadora.<\/p>\n\n\n\n<figure class=\"wp-block-image size-large\" id=\"srap\"><img loading=\"lazy\" decoding=\"async\" width=\"1024\" height=\"316\" src=\"https:\/\/mvscada.com\/public\/wp-content\/uploads\/2024\/06\/123-1024x316.jpg\" alt=\"planta solar con srap\" class=\"wp-image-996\" srcset=\"https:\/\/mvscada.com\/public\/wp-content\/uploads\/2024\/06\/123-1024x316.jpg 1024w, https:\/\/mvscada.com\/public\/wp-content\/uploads\/2024\/06\/123-300x92.jpg 300w, https:\/\/mvscada.com\/public\/wp-content\/uploads\/2024\/06\/123-768x237.jpg 768w, https:\/\/mvscada.com\/public\/wp-content\/uploads\/2024\/06\/123.jpg 1269w\" sizes=\"auto, (max-width: 1024px) 100vw, 1024px\" \/><\/figure>\n\n\n\n<h4 class=\"wp-block-heading\">\u00bfC\u00f3mo funciona?<\/h4>\n\n\n\n<p>En caso de que alg\u00fan elemento del sistema el\u00e9ctrico falle y se genere una congesti\u00f3n, y a petici\u00f3n de Red El\u00e9ctrica Espa\u00f1ola, se activan los sistemas SRAP en las instalaciones participantes, desconectando autom\u00e1ticamente la generaci\u00f3n. Existen 3 tipos de consignas: r\u00e1pidas, medias, o lentas, en funci\u00f3n a la urgencia, \u00a1pero nuestro sistema te habilita para cualquiera de ellas! Al ser un sistema completamente aut\u00f3nomo, es beneficioso tanto para REE (permite mucha mayor flexibilidad al sistema el\u00e9ctrico) como para due\u00f1os y mantenedores (minimiza el tiempo de paradas y ahorra costes de t\u00e9cnicos en planta).<\/p>\n\n\n\n<h4 class=\"wp-block-heading\">Beneficios del SRAP<\/h4>\n\n\n\n<p>La implementaci\u00f3n del SRAP junto a <a href=\"https:\/\/mvscada.com\/public\/monitorizacion\/\">nuestro sistema de monitorizaci\u00f3n <\/a>no solo asegura una operaci\u00f3n m\u00e1s eficiente de sus instalaciones solares, sino que tambi\u00e9n contribuye a una mayor estabilidad y sostenibilidad del sistema el\u00e9ctrico. Integrando MVScada junto a SRAP, su planta solar podr\u00e1 maximizar su producci\u00f3n y eficiencia, incluso en situaciones de congesti\u00f3n de la red.<\/p>\n\n\n\n<ul class=\"wp-block-list\">\n<li><strong>M\u00e1s tiempo en funcionamiento<\/strong>: estar adscrito al programa SRAP  normalmente implica que, en caso de congesti\u00f3n, desconectar\u00edan tu planta de los \u00faltimas (ya que primero desconectan a quienes no est\u00e1n en el programa) y s\u00f3lo durante el m\u00ednimo tiempo necesario.<\/li>\n\n\n\n<li><strong>Reducci\u00f3n de costes<\/strong>: al ser un sistema automatizado y transparente a la planta y al mantenedor, se evitan numerosos costes t\u00e9cnicos y operativos comparado con una desconexi\u00f3n forzosa tradicional.<\/li>\n\n\n\n<li><strong>Alertas automatizadas:<\/strong>  en caso de activaci\u00f3n, nuestro sistema te avisar\u00e1 autom\u00e1ticamente cuando se inicie y cuando se termine.<\/li>\n<\/ul>\n\n\n\n<p>\u00bfInteresado en c\u00f3mo el SRAP puede beneficiar a su planta solar? <strong>Cont\u00e1ctenos hoy mismo<\/strong> para obtener m\u00e1s informaci\u00f3n y una demostraci\u00f3n personalizada de nuestras soluciones.<\/p>\n\n\n\n<div class=\"wp-block-contact-form-7-contact-form-selector\">\n<div class=\"wpcf7 no-js\" id=\"wpcf7-f50-o1\" lang=\"es-ES\" dir=\"ltr\" data-wpcf7-id=\"50\">\n<div class=\"screen-reader-response\"><p role=\"status\" aria-live=\"polite\" aria-atomic=\"true\"><\/p> <ul><\/ul><\/div>\n<form action=\"\/public\/wp-json\/wp\/v2\/pages\/992#wpcf7-f50-o1\" method=\"post\" class=\"wpcf7-form init\" aria-label=\"Formulario de contacto\" novalidate=\"novalidate\" data-status=\"init\">\n<fieldset class=\"hidden-fields-container\"><input type=\"hidden\" name=\"_wpcf7\" value=\"50\" \/><input type=\"hidden\" name=\"_wpcf7_version\" value=\"6.1.5\" \/><input type=\"hidden\" name=\"_wpcf7_locale\" value=\"es_ES\" \/><input type=\"hidden\" name=\"_wpcf7_unit_tag\" value=\"wpcf7-f50-o1\" \/><input type=\"hidden\" name=\"_wpcf7_container_post\" value=\"0\" \/><input type=\"hidden\" name=\"_wpcf7_posted_data_hash\" value=\"\" \/>\n<\/fieldset>\n<p>Nombre (obligatorio)<br \/>\n<span class=\"wpcf7-form-control-wrap\" data-name=\"your-name\"><input size=\"40\" maxlength=\"400\" class=\"wpcf7-form-control wpcf7-text wpcf7-validates-as-required\" aria-required=\"true\" aria-invalid=\"false\" value=\"\" type=\"text\" name=\"your-name\" \/><\/span>\n<\/p>\n<p>Email (obligatorio)<br \/>\n<span class=\"wpcf7-form-control-wrap\" data-name=\"your-email\"><input size=\"40\" maxlength=\"400\" class=\"wpcf7-form-control wpcf7-email wpcf7-validates-as-required wpcf7-text wpcf7-validates-as-email\" aria-required=\"true\" aria-invalid=\"false\" value=\"\" type=\"email\" name=\"your-email\" \/><\/span>\n<\/p>\n<p>Tel\u00e9fono (opcional)<br \/>\n<span class=\"wpcf7-form-control-wrap\" data-name=\"your-phone\"><input size=\"40\" maxlength=\"400\" class=\"wpcf7-form-control wpcf7-tel wpcf7-text wpcf7-validates-as-tel\" aria-invalid=\"false\" value=\"\" type=\"tel\" name=\"your-phone\" \/><\/span>\n<\/p>\n<p>Mensaje (obligatorio)<br \/>\n<span class=\"wpcf7-form-control-wrap\" data-name=\"your-message\"><textarea cols=\"40\" rows=\"10\" maxlength=\"2000\" class=\"wpcf7-form-control wpcf7-textarea wpcf7-validates-as-required\" aria-required=\"true\" aria-invalid=\"false\" name=\"your-message\"><\/textarea><\/span>\n<\/p>\n<p><span id=\"wpcf7-69df53f905834-wrapper\" class=\"wpcf7-form-control-wrap your-address-wrap\" style=\"display:none !important; visibility:hidden !important;\"><label for=\"wpcf7-69df53f905834-field\" class=\"hp-message\">Por favor, deja este campo vac\u00edo.<\/label><input id=\"wpcf7-69df53f905834-field\"  class=\"wpcf7-form-control wpcf7-text\" type=\"text\" name=\"your-address\" value=\"\" size=\"40\" tabindex=\"-1\" autocomplete=\"new-password\" \/><\/span>\n<\/p>\n<p>Captcha<br \/>\n<input type=\"hidden\" name=\"_wpcf7_captcha_challenge_captcha-1\" value=\"2399789159\" \/><img loading=\"lazy\" decoding=\"async\" class=\"wpcf7-form-control wpcf7-captchac wpcf7-captcha-captcha-1\" width=\"72\" height=\"24\" alt=\"captcha\" src=\"https:\/\/mvscada.com\/public\/wp-content\/uploads\/wpcf7_captcha\/2399789159.png\" \/><span class=\"wpcf7-form-control-wrap\" data-name=\"captcha-1\"><input size=\"40\" class=\"wpcf7-form-control wpcf7-captchar\" autocomplete=\"off\" aria-invalid=\"false\" value=\"\" type=\"text\" name=\"captcha-1\" \/><\/span>\n<\/p>\n<p><input class=\"wpcf7-form-control wpcf7-submit has-spinner\" type=\"submit\" value=\"Enviar\" \/>\n<\/p><div class=\"wpcf7-response-output\" aria-hidden=\"true\"><\/div>\n<\/form>\n<\/div>\n<\/div>\n\n\n","protected":false},"excerpt":{"rendered":"<p>Desde MVScada, ofrecemos la implantaci\u00f3n en nuestro sistema de monitorizaci\u00f3n del nuevo Sistema de Reducci\u00f3n Autom\u00e1tica de Potencia (SRAP): una soluci\u00f3n innovadora dise\u00f1ada para cumplir con el nuevo procedimiento de la CNMC de flexibilizaci\u00f3n de la producci\u00f3n de energ\u00edas renovables en caso de restricciones t\u00e9cnicas o congestiones en la red (seg\u00fan se recoge en DCOOR\/DE\/007\/21).<\/p>\n","protected":false},"author":8,"featured_media":0,"parent":0,"menu_order":0,"comment_status":"closed","ping_status":"closed","template":"","meta":{"footnotes":""},"class_list":["post-992","page","type-page","status-publish","hentry"],"yoast_head":"<!-- This site is optimized with the Yoast SEO plugin v27.4 - https:\/\/yoast.com\/product\/yoast-seo-wordpress\/ -->\n<title>SRAP: Sistema de Reducci\u00f3n Autom\u00e1tica de Potencia - MVScada<\/title>\n<meta name=\"description\" content=\"Descubre el sistema de reducci\u00f3n autom\u00e1tica de potencia SRAP de MVScada. Integraci\u00f3n r\u00e1pida y sencilla, y cumpliendo los criterios de REE.\" \/>\n<meta name=\"robots\" content=\"index, follow, max-snippet:-1, max-image-preview:large, max-video-preview:-1\" \/>\n<link rel=\"canonical\" href=\"https:\/\/mvscada.com\/public\/sistema-de-reduccion-automatica-de-potencia-srap\/\" \/>\n<meta property=\"og:locale\" content=\"es_ES\" \/>\n<meta property=\"og:type\" content=\"article\" \/>\n<meta property=\"og:title\" content=\"SRAP: Sistema de Reducci\u00f3n Autom\u00e1tica de Potencia - MVScada\" \/>\n<meta property=\"og:description\" content=\"Descubre el sistema de reducci\u00f3n autom\u00e1tica de potencia SRAP de MVScada. Integraci\u00f3n r\u00e1pida y sencilla, y cumpliendo los criterios de REE.\" \/>\n<meta property=\"og:url\" content=\"https:\/\/mvscada.com\/public\/sistema-de-reduccion-automatica-de-potencia-srap\/\" \/>\n<meta property=\"og:site_name\" content=\"MVScada\" \/>\n<meta property=\"article:modified_time\" content=\"2024-06-18T07:58:24+00:00\" \/>\n<meta property=\"og:image\" content=\"https:\/\/mvscada.com\/public\/wp-content\/uploads\/2024\/06\/123-1024x316.jpg\" \/>\n<meta name=\"twitter:card\" content=\"summary_large_image\" \/>\n<meta name=\"twitter:label1\" content=\"Tiempo de lectura\" \/>\n\t<meta name=\"twitter:data1\" content=\"3 minutos\" \/>\n<script type=\"application\/ld+json\" class=\"yoast-schema-graph\">{\"@context\":\"https:\\\/\\\/schema.org\",\"@graph\":[{\"@type\":\"WebPage\",\"@id\":\"https:\\\/\\\/mvscada.com\\\/public\\\/sistema-de-reduccion-automatica-de-potencia-srap\\\/\",\"url\":\"https:\\\/\\\/mvscada.com\\\/public\\\/sistema-de-reduccion-automatica-de-potencia-srap\\\/\",\"name\":\"SRAP: Sistema de Reducci\u00f3n Autom\u00e1tica de Potencia - MVScada\",\"isPartOf\":{\"@id\":\"https:\\\/\\\/mvscada.com\\\/public\\\/#website\"},\"primaryImageOfPage\":{\"@id\":\"https:\\\/\\\/mvscada.com\\\/public\\\/sistema-de-reduccion-automatica-de-potencia-srap\\\/#primaryimage\"},\"image\":{\"@id\":\"https:\\\/\\\/mvscada.com\\\/public\\\/sistema-de-reduccion-automatica-de-potencia-srap\\\/#primaryimage\"},\"thumbnailUrl\":\"https:\\\/\\\/mvscada.com\\\/public\\\/wp-content\\\/uploads\\\/2024\\\/06\\\/123-1024x316.jpg\",\"datePublished\":\"2024-06-18T07:47:05+00:00\",\"dateModified\":\"2024-06-18T07:58:24+00:00\",\"description\":\"Descubre el sistema de reducci\u00f3n autom\u00e1tica de potencia SRAP de MVScada. Integraci\u00f3n r\u00e1pida y sencilla, y cumpliendo los criterios de REE.\",\"breadcrumb\":{\"@id\":\"https:\\\/\\\/mvscada.com\\\/public\\\/sistema-de-reduccion-automatica-de-potencia-srap\\\/#breadcrumb\"},\"inLanguage\":\"es\",\"potentialAction\":[{\"@type\":\"ReadAction\",\"target\":[\"https:\\\/\\\/mvscada.com\\\/public\\\/sistema-de-reduccion-automatica-de-potencia-srap\\\/\"]}]},{\"@type\":\"ImageObject\",\"inLanguage\":\"es\",\"@id\":\"https:\\\/\\\/mvscada.com\\\/public\\\/sistema-de-reduccion-automatica-de-potencia-srap\\\/#primaryimage\",\"url\":\"https:\\\/\\\/mvscada.com\\\/public\\\/wp-content\\\/uploads\\\/2024\\\/06\\\/123.jpg\",\"contentUrl\":\"https:\\\/\\\/mvscada.com\\\/public\\\/wp-content\\\/uploads\\\/2024\\\/06\\\/123.jpg\",\"width\":1269,\"height\":391},{\"@type\":\"BreadcrumbList\",\"@id\":\"https:\\\/\\\/mvscada.com\\\/public\\\/sistema-de-reduccion-automatica-de-potencia-srap\\\/#breadcrumb\",\"itemListElement\":[{\"@type\":\"ListItem\",\"position\":1,\"name\":\"Portada\",\"item\":\"https:\\\/\\\/mvscada.com\\\/public\\\/\"},{\"@type\":\"ListItem\",\"position\":2,\"name\":\"SRAP: Sistema de Reducci\u00f3n Autom\u00e1tica de Potencia\"}]},{\"@type\":\"WebSite\",\"@id\":\"https:\\\/\\\/mvscada.com\\\/public\\\/#website\",\"url\":\"https:\\\/\\\/mvscada.com\\\/public\\\/\",\"name\":\"MVScada\",\"description\":\"Monitorizaci\u00f3n, control y gesti\u00f3n de instalaciones solares fotovoltaicas\",\"publisher\":{\"@id\":\"https:\\\/\\\/mvscada.com\\\/public\\\/#organization\"},\"potentialAction\":[{\"@type\":\"SearchAction\",\"target\":{\"@type\":\"EntryPoint\",\"urlTemplate\":\"https:\\\/\\\/mvscada.com\\\/public\\\/?s={search_term_string}\"},\"query-input\":{\"@type\":\"PropertyValueSpecification\",\"valueRequired\":true,\"valueName\":\"search_term_string\"}}],\"inLanguage\":\"es\"},{\"@type\":\"Organization\",\"@id\":\"https:\\\/\\\/mvscada.com\\\/public\\\/#organization\",\"name\":\"Megavatio Proyectos S.L.\",\"url\":\"https:\\\/\\\/mvscada.com\\\/public\\\/\",\"logo\":{\"@type\":\"ImageObject\",\"inLanguage\":\"es\",\"@id\":\"https:\\\/\\\/mvscada.com\\\/public\\\/#\\\/schema\\\/logo\\\/image\\\/\",\"url\":\"https:\\\/\\\/mvscada.com\\\/public\\\/wp-content\\\/uploads\\\/2021\\\/11\\\/cropped-cropped-Logo_web.png\",\"contentUrl\":\"https:\\\/\\\/mvscada.com\\\/public\\\/wp-content\\\/uploads\\\/2021\\\/11\\\/cropped-cropped-Logo_web.png\",\"width\":3281,\"height\":1064,\"caption\":\"Megavatio Proyectos S.L.\"},\"image\":{\"@id\":\"https:\\\/\\\/mvscada.com\\\/public\\\/#\\\/schema\\\/logo\\\/image\\\/\"}}]}<\/script>\n<!-- \/ Yoast SEO plugin. -->","yoast_head_json":{"title":"SRAP: Sistema de Reducci\u00f3n Autom\u00e1tica de Potencia - MVScada","description":"Descubre el sistema de reducci\u00f3n autom\u00e1tica de potencia SRAP de MVScada. Integraci\u00f3n r\u00e1pida y sencilla, y cumpliendo los criterios de REE.","robots":{"index":"index","follow":"follow","max-snippet":"max-snippet:-1","max-image-preview":"max-image-preview:large","max-video-preview":"max-video-preview:-1"},"canonical":"https:\/\/mvscada.com\/public\/sistema-de-reduccion-automatica-de-potencia-srap\/","og_locale":"es_ES","og_type":"article","og_title":"SRAP: Sistema de Reducci\u00f3n Autom\u00e1tica de Potencia - MVScada","og_description":"Descubre el sistema de reducci\u00f3n autom\u00e1tica de potencia SRAP de MVScada. Integraci\u00f3n r\u00e1pida y sencilla, y cumpliendo los criterios de REE.","og_url":"https:\/\/mvscada.com\/public\/sistema-de-reduccion-automatica-de-potencia-srap\/","og_site_name":"MVScada","article_modified_time":"2024-06-18T07:58:24+00:00","og_image":[{"url":"https:\/\/mvscada.com\/public\/wp-content\/uploads\/2024\/06\/123-1024x316.jpg","type":"","width":"","height":""}],"twitter_card":"summary_large_image","twitter_misc":{"Tiempo de lectura":"3 minutos"},"schema":{"@context":"https:\/\/schema.org","@graph":[{"@type":"WebPage","@id":"https:\/\/mvscada.com\/public\/sistema-de-reduccion-automatica-de-potencia-srap\/","url":"https:\/\/mvscada.com\/public\/sistema-de-reduccion-automatica-de-potencia-srap\/","name":"SRAP: Sistema de Reducci\u00f3n Autom\u00e1tica de Potencia - MVScada","isPartOf":{"@id":"https:\/\/mvscada.com\/public\/#website"},"primaryImageOfPage":{"@id":"https:\/\/mvscada.com\/public\/sistema-de-reduccion-automatica-de-potencia-srap\/#primaryimage"},"image":{"@id":"https:\/\/mvscada.com\/public\/sistema-de-reduccion-automatica-de-potencia-srap\/#primaryimage"},"thumbnailUrl":"https:\/\/mvscada.com\/public\/wp-content\/uploads\/2024\/06\/123-1024x316.jpg","datePublished":"2024-06-18T07:47:05+00:00","dateModified":"2024-06-18T07:58:24+00:00","description":"Descubre el sistema de reducci\u00f3n autom\u00e1tica de potencia SRAP de MVScada. Integraci\u00f3n r\u00e1pida y sencilla, y cumpliendo los criterios de REE.","breadcrumb":{"@id":"https:\/\/mvscada.com\/public\/sistema-de-reduccion-automatica-de-potencia-srap\/#breadcrumb"},"inLanguage":"es","potentialAction":[{"@type":"ReadAction","target":["https:\/\/mvscada.com\/public\/sistema-de-reduccion-automatica-de-potencia-srap\/"]}]},{"@type":"ImageObject","inLanguage":"es","@id":"https:\/\/mvscada.com\/public\/sistema-de-reduccion-automatica-de-potencia-srap\/#primaryimage","url":"https:\/\/mvscada.com\/public\/wp-content\/uploads\/2024\/06\/123.jpg","contentUrl":"https:\/\/mvscada.com\/public\/wp-content\/uploads\/2024\/06\/123.jpg","width":1269,"height":391},{"@type":"BreadcrumbList","@id":"https:\/\/mvscada.com\/public\/sistema-de-reduccion-automatica-de-potencia-srap\/#breadcrumb","itemListElement":[{"@type":"ListItem","position":1,"name":"Portada","item":"https:\/\/mvscada.com\/public\/"},{"@type":"ListItem","position":2,"name":"SRAP: Sistema de Reducci\u00f3n Autom\u00e1tica de Potencia"}]},{"@type":"WebSite","@id":"https:\/\/mvscada.com\/public\/#website","url":"https:\/\/mvscada.com\/public\/","name":"MVScada","description":"Monitorizaci\u00f3n, control y gesti\u00f3n de instalaciones solares fotovoltaicas","publisher":{"@id":"https:\/\/mvscada.com\/public\/#organization"},"potentialAction":[{"@type":"SearchAction","target":{"@type":"EntryPoint","urlTemplate":"https:\/\/mvscada.com\/public\/?s={search_term_string}"},"query-input":{"@type":"PropertyValueSpecification","valueRequired":true,"valueName":"search_term_string"}}],"inLanguage":"es"},{"@type":"Organization","@id":"https:\/\/mvscada.com\/public\/#organization","name":"Megavatio Proyectos S.L.","url":"https:\/\/mvscada.com\/public\/","logo":{"@type":"ImageObject","inLanguage":"es","@id":"https:\/\/mvscada.com\/public\/#\/schema\/logo\/image\/","url":"https:\/\/mvscada.com\/public\/wp-content\/uploads\/2021\/11\/cropped-cropped-Logo_web.png","contentUrl":"https:\/\/mvscada.com\/public\/wp-content\/uploads\/2021\/11\/cropped-cropped-Logo_web.png","width":3281,"height":1064,"caption":"Megavatio Proyectos S.L."},"image":{"@id":"https:\/\/mvscada.com\/public\/#\/schema\/logo\/image\/"}}]}},"_links":{"self":[{"href":"https:\/\/mvscada.com\/public\/wp-json\/wp\/v2\/pages\/992","targetHints":{"allow":["GET"]}}],"collection":[{"href":"https:\/\/mvscada.com\/public\/wp-json\/wp\/v2\/pages"}],"about":[{"href":"https:\/\/mvscada.com\/public\/wp-json\/wp\/v2\/types\/page"}],"author":[{"embeddable":true,"href":"https:\/\/mvscada.com\/public\/wp-json\/wp\/v2\/users\/8"}],"replies":[{"embeddable":true,"href":"https:\/\/mvscada.com\/public\/wp-json\/wp\/v2\/comments?post=992"}],"version-history":[{"count":13,"href":"https:\/\/mvscada.com\/public\/wp-json\/wp\/v2\/pages\/992\/revisions"}],"predecessor-version":[{"id":1014,"href":"https:\/\/mvscada.com\/public\/wp-json\/wp\/v2\/pages\/992\/revisions\/1014"}],"wp:attachment":[{"href":"https:\/\/mvscada.com\/public\/wp-json\/wp\/v2\/media?parent=992"}],"curies":[{"name":"wp","href":"https:\/\/api.w.org\/{rel}","templated":true}]}}